{"id":1564,"date":"2017-09-05T10:06:04","date_gmt":"2017-09-05T15:06:04","guid":{"rendered":"http:\/\/localhost:8000\/prefabmigrated\/produit\/pv-02-7-12-cm\/"},"modified":"2020-04-02T16:28:59","modified_gmt":"2020-04-02T21:28:59","slug":"pv-02-7-12-cm","status":"publish","type":"product","link":"https:\/\/prefabhaiti.com\/en\/produit\/pv-02-7-12-cm\/","title":{"rendered":"PV-034"},"content":{"rendered":"","protected":false},"excerpt":{"rendered":"<p>&nbsp;<\/p>\n<p><strong>Caract\u00e9ristiques<\/strong><\/p>\n<p>Poids approximatif (lbs)\u00a0: 14,5<\/p>\n<p>Couverture (quantit\u00e9\/ m<sup>2<\/sup>)\u00a0: 24<\/p>\n<p>R\u00e9sistance moyenne PSI\u00a0: 5000<\/p>\n<p>-autres sp\u00e9cifications sur demande du client<\/p>\n<p>&nbsp;<\/p>\n<p><strong>Utilisation<\/strong><\/p>\n<p>Rev\u00eatement de route et rues avec trafique poids lourd limit\u00e9, all\u00e9es<\/p>\n<p>&nbsp;<\/p>\n","protected":false},"featured_media":1565,"comment_status":"open","ping_status":"closed","template":"","meta":{"_acf_changed":false,"_monsterinsights_skip_tracking":false,"_monsterinsights_sitenote_active":false,"_monsterinsights_sitenote_note":"","_monsterinsights_sitenote_category":0,"jetpack_publicize_message":"","jetpack_publicize_feature_enabled":true,"jetpack_social_post_already_shared":true,"jetpack_social_options":{"image_generator_settings":{"template":"highway","default_image_id":0,"font":"","enabled":false},"version":2}},"product_brand":[],"product_cat":[82,77],"product_tag":[],"class_list":{"0":"post-1564","1":"product","2":"type-product","3":"status-publish","4":"has-post-thumbnail","6":"product_cat-p-6000-7-5-cm","7":"product_cat-pavers","9":"first","10":"instock","11":"taxable","12":"shipping-taxable","13":"product-type-simple"},"acf":[],"jetpack_publicize_connections":[],"jetpack_sharing_enabled":true,"jetpack-related-posts":[],"_links":{"self":[{"href":"https:\/\/prefabhaiti.com\/en\/wp-json\/wp\/v2\/product\/1564","targetHints":{"allow":["GET"]}}],"collection":[{"href":"https:\/\/prefabhaiti.com\/en\/wp-json\/wp\/v2\/product"}],"about":[{"href":"https:\/\/prefabhaiti.com\/en\/wp-json\/wp\/v2\/types\/product"}],"replies":[{"embeddable":true,"href":"https:\/\/prefabhaiti.com\/en\/wp-json\/wp\/v2\/comments?post=1564"}],"wp:featuredmedia":[{"embeddable":true,"href":"https:\/\/prefabhaiti.com\/en\/wp-json\/wp\/v2\/media\/1565"}],"wp:attachment":[{"href":"https:\/\/prefabhaiti.com\/en\/wp-json\/wp\/v2\/media?parent=1564"}],"wp:term":[{"taxonomy":"product_brand","embeddable":true,"href":"https:\/\/prefabhaiti.com\/en\/wp-json\/wp\/v2\/product_brand?post=1564"},{"taxonomy":"product_cat","embeddable":true,"href":"https:\/\/prefabhaiti.com\/en\/wp-json\/wp\/v2\/product_cat?post=1564"},{"taxonomy":"product_tag","embeddable":true,"href":"https:\/\/prefabhaiti.com\/en\/wp-json\/wp\/v2\/product_tag?post=1564"}],"curies":[{"name":"wp","href":"https:\/\/api.w.org\/{rel}","templated":true}]}}