{"id":1582,"date":"2017-09-05T09:03:39","date_gmt":"2017-09-05T14:03:39","guid":{"rendered":"http:\/\/localhost:8000\/prefabmigrated\/produit\/pv-06-8cm\/"},"modified":"2020-04-03T11:17:05","modified_gmt":"2020-04-03T16:17:05","slug":"pv-06-8cm","status":"publish","type":"product","link":"https:\/\/prefabhaiti.com\/en\/produit\/pv-06-8cm\/","title":{"rendered":"PV-026"},"content":{"rendered":"","protected":false},"excerpt":{"rendered":"<p>&nbsp;<\/p>\n<p><strong>Caract\u00e9ristiques<\/strong><\/p>\n<p>Poids approximatif (lbs)\u00a0: 7,5<\/p>\n<p>Couverture (quantit\u00e9\/ m<sup>2<\/sup>)\u00a0: 50<\/p>\n<p>R\u00e9sistance moyenne PSI\u00a0: 5000<\/p>\n<p>-autres sp\u00e9cifications sur demande du client<\/p>\n<p>&nbsp;<\/p>\n<p><strong>Utilisation<\/strong><\/p>\n<p>Rev\u00eatement de route, rues avec trafique poids lourd limit\u00e9, all\u00e9es r\u00e9sidentielles, trottoir, aires de stationnement, places publiques<\/p>\n<p>&nbsp;<\/p>\n","protected":false},"featured_media":1584,"comment_status":"open","ping_status":"closed","template":"","meta":{"_acf_changed":false,"_monsterinsights_skip_tracking":false,"_monsterinsights_sitenote_active":false,"_monsterinsights_sitenote_note":"","_monsterinsights_sitenote_category":0,"jetpack_publicize_message":"","jetpack_publicize_feature_enabled":true,"jetpack_social_post_already_shared":true,"jetpack_social_options":{"image_generator_settings":{"template":"highway","default_image_id":0,"font":"","enabled":false},"version":2}},"product_brand":[],"product_cat":[81,77],"product_tag":[],"class_list":{"0":"post-1582","1":"product","2":"type-product","3":"status-publish","4":"has-post-thumbnail","6":"product_cat-brick-8-cm","7":"product_cat-pavers","9":"first","10":"instock","11":"taxable","12":"shipping-taxable","13":"product-type-simple"},"acf":[],"jetpack_publicize_connections":[],"jetpack_sharing_enabled":true,"jetpack-related-posts":[],"_links":{"self":[{"href":"https:\/\/prefabhaiti.com\/en\/wp-json\/wp\/v2\/product\/1582","targetHints":{"allow":["GET"]}}],"collection":[{"href":"https:\/\/prefabhaiti.com\/en\/wp-json\/wp\/v2\/product"}],"about":[{"href":"https:\/\/prefabhaiti.com\/en\/wp-json\/wp\/v2\/types\/product"}],"replies":[{"embeddable":true,"href":"https:\/\/prefabhaiti.com\/en\/wp-json\/wp\/v2\/comments?post=1582"}],"wp:featuredmedia":[{"embeddable":true,"href":"https:\/\/prefabhaiti.com\/en\/wp-json\/wp\/v2\/media\/1584"}],"wp:attachment":[{"href":"https:\/\/prefabhaiti.com\/en\/wp-json\/wp\/v2\/media?parent=1582"}],"wp:term":[{"taxonomy":"product_brand","embeddable":true,"href":"https:\/\/prefabhaiti.com\/en\/wp-json\/wp\/v2\/product_brand?post=1582"},{"taxonomy":"product_cat","embeddable":true,"href":"https:\/\/prefabhaiti.com\/en\/wp-json\/wp\/v2\/product_cat?post=1582"},{"taxonomy":"product_tag","embeddable":true,"href":"https:\/\/prefabhaiti.com\/en\/wp-json\/wp\/v2\/product_tag?post=1582"}],"curies":[{"name":"wp","href":"https:\/\/api.w.org\/{rel}","templated":true}]}}