{"id":1628,"date":"2017-09-04T22:41:25","date_gmt":"2017-09-05T03:41:25","guid":{"rendered":"http:\/\/localhost:8000\/prefabmigrated\/produit\/bl-30x20x40-p\/"},"modified":"2020-04-03T12:14:06","modified_gmt":"2020-04-03T17:14:06","slug":"bl-30x20x40-p","status":"publish","type":"product","link":"https:\/\/prefabhaiti.com\/en\/produit\/bl-30x20x40-p\/","title":{"rendered":"B-016"},"content":{"rendered":"","protected":false},"excerpt":{"rendered":"<p>&nbsp;<\/p>\n<p><strong>Caract\u00e9ristiques<\/strong><\/p>\n<p>Poids approximatif (lbs)\u00a0: 52<\/p>\n<p>R\u00e9sistance moyenne PSI\u00a0: 2000<\/p>\n<p>-autres sp\u00e9cifications sur demande du client<\/p>\n<p>&nbsp;<\/p>\n<p><strong>Utilisation<\/strong><\/p>\n<p>Travaux de ma\u00e7onnerie de construction (Fondation, murs de sout\u00e8nement, r\u00e9servoir, piscine)<\/p>\n<p>&nbsp;<\/p>\n","protected":false},"featured_media":1629,"comment_status":"open","ping_status":"closed","template":"","meta":{"_acf_changed":false,"_monsterinsights_skip_tracking":false,"_monsterinsights_sitenote_active":false,"_monsterinsights_sitenote_note":"","_monsterinsights_sitenote_category":0,"jetpack_publicize_message":"","jetpack_publicize_feature_enabled":true,"jetpack_social_post_already_shared":true,"jetpack_social_options":{"image_generator_settings":{"template":"highway","default_image_id":0,"font":"","enabled":false},"version":2}},"product_brand":[],"product_cat":[69,64],"product_tag":[],"class_list":{"0":"post-1628","1":"product","2":"type-product","3":"status-publish","4":"has-post-thumbnail","6":"product_cat-block-30x20x40","7":"product_cat-blocks","9":"first","10":"instock","11":"taxable","12":"shipping-taxable","13":"product-type-simple"},"acf":[],"jetpack_publicize_connections":[],"jetpack_sharing_enabled":true,"jetpack-related-posts":[],"_links":{"self":[{"href":"https:\/\/prefabhaiti.com\/en\/wp-json\/wp\/v2\/product\/1628","targetHints":{"allow":["GET"]}}],"collection":[{"href":"https:\/\/prefabhaiti.com\/en\/wp-json\/wp\/v2\/product"}],"about":[{"href":"https:\/\/prefabhaiti.com\/en\/wp-json\/wp\/v2\/types\/product"}],"replies":[{"embeddable":true,"href":"https:\/\/prefabhaiti.com\/en\/wp-json\/wp\/v2\/comments?post=1628"}],"wp:featuredmedia":[{"embeddable":true,"href":"https:\/\/prefabhaiti.com\/en\/wp-json\/wp\/v2\/media\/1629"}],"wp:attachment":[{"href":"https:\/\/prefabhaiti.com\/en\/wp-json\/wp\/v2\/media?parent=1628"}],"wp:term":[{"taxonomy":"product_brand","embeddable":true,"href":"https:\/\/prefabhaiti.com\/en\/wp-json\/wp\/v2\/product_brand?post=1628"},{"taxonomy":"product_cat","embeddable":true,"href":"https:\/\/prefabhaiti.com\/en\/wp-json\/wp\/v2\/product_cat?post=1628"},{"taxonomy":"product_tag","embeddable":true,"href":"https:\/\/prefabhaiti.com\/en\/wp-json\/wp\/v2\/product_tag?post=1628"}],"curies":[{"name":"wp","href":"https:\/\/api.w.org\/{rel}","templated":true}]}}