{"id":1636,"date":"2017-09-04T22:21:59","date_gmt":"2017-09-05T03:21:59","guid":{"rendered":"http:\/\/localhost:8000\/prefabmigrated\/produit\/bl-20x20x40-rebar\/"},"modified":"2020-04-03T12:21:01","modified_gmt":"2020-04-03T17:21:01","slug":"bl-20x20x40-rebar","status":"publish","type":"product","link":"https:\/\/prefabhaiti.com\/en\/produit\/bl-20x20x40-rebar\/","title":{"rendered":"B-009"},"content":{"rendered":"","protected":false},"excerpt":{"rendered":"<p>&nbsp;<\/p>\n<p><strong>Caract\u00e9ristiques<\/strong><\/p>\n<p>Poids approximatif (lbs)\u00a0: 40<\/p>\n<p>R\u00e9sistance moyenne PSI\u00a0: 2000<\/p>\n<p>-autres sp\u00e9cifications sur demande du client<\/p>\n<p>&nbsp;<\/p>\n<p><strong>Utilisation<\/strong><\/p>\n<p>Travaux de ma\u00e7onnerie de construction (Fondation, murs, murs arm\u00e9s, murs de sout\u00e8nement, r\u00e9servoir, piscine)<\/p>\n<p>&nbsp;<\/p>\n","protected":false},"featured_media":1637,"comment_status":"open","ping_status":"closed","template":"","meta":{"_acf_changed":false,"_monsterinsights_skip_tracking":false,"_monsterinsights_sitenote_active":false,"_monsterinsights_sitenote_note":"","_monsterinsights_sitenote_category":0,"jetpack_publicize_message":"","jetpack_publicize_feature_enabled":true,"jetpack_social_post_already_shared":true,"jetpack_social_options":{"image_generator_settings":{"template":"highway","default_image_id":0,"font":"","enabled":false},"version":2}},"product_brand":[],"product_cat":[68,73,64],"product_tag":[],"class_list":{"0":"post-1636","1":"product","2":"type-product","3":"status-publish","4":"has-post-thumbnail","6":"product_cat-block-20x20x40","7":"product_cat-rebar-block","8":"product_cat-blocks","10":"first","11":"instock","12":"taxable","13":"shipping-taxable","14":"product-type-simple"},"acf":[],"jetpack_publicize_connections":[],"jetpack_sharing_enabled":true,"jetpack-related-posts":[],"_links":{"self":[{"href":"https:\/\/prefabhaiti.com\/en\/wp-json\/wp\/v2\/product\/1636","targetHints":{"allow":["GET"]}}],"collection":[{"href":"https:\/\/prefabhaiti.com\/en\/wp-json\/wp\/v2\/product"}],"about":[{"href":"https:\/\/prefabhaiti.com\/en\/wp-json\/wp\/v2\/types\/product"}],"replies":[{"embeddable":true,"href":"https:\/\/prefabhaiti.com\/en\/wp-json\/wp\/v2\/comments?post=1636"}],"wp:featuredmedia":[{"embeddable":true,"href":"https:\/\/prefabhaiti.com\/en\/wp-json\/wp\/v2\/media\/1637"}],"wp:attachment":[{"href":"https:\/\/prefabhaiti.com\/en\/wp-json\/wp\/v2\/media?parent=1636"}],"wp:term":[{"taxonomy":"product_brand","embeddable":true,"href":"https:\/\/prefabhaiti.com\/en\/wp-json\/wp\/v2\/product_brand?post=1636"},{"taxonomy":"product_cat","embeddable":true,"href":"https:\/\/prefabhaiti.com\/en\/wp-json\/wp\/v2\/product_cat?post=1636"},{"taxonomy":"product_tag","embeddable":true,"href":"https:\/\/prefabhaiti.com\/en\/wp-json\/wp\/v2\/product_tag?post=1636"}],"curies":[{"name":"wp","href":"https:\/\/api.w.org\/{rel}","templated":true}]}}